{"id":9,"date":"2020-06-08T18:17:26","date_gmt":"2020-06-08T18:17:26","guid":{"rendered":"http:\/\/box5576.temp.domains\/~anyafore\/?page_id=9"},"modified":"2020-06-21T22:04:55","modified_gmt":"2020-06-21T22:04:55","slug":"about-me","status":"publish","type":"page","link":"https:\/\/anyaforestell.com\/fr\/about-me\/","title":{"rendered":"\u00c0 propos"},"content":{"rendered":"<div class=\"wp-block-media-text alignwide is-stacked-on-mobile\" style=\"grid-template-columns:37% auto\"><figure class=\"wp-block-media-text__media\"><img data-recalc-dims=\"1\" loading=\"lazy\" decoding=\"async\" width=\"680\" height=\"1024\" src=\"https:\/\/i0.wp.com\/anyaforestell.com\/wp-content\/uploads\/2020\/06\/anyaforestell.jpg?resize=680%2C1024&#038;ssl=1\" alt=\"\" class=\"wp-image-94\" srcset=\"https:\/\/i0.wp.com\/anyaforestell.com\/wp-content\/uploads\/2020\/06\/anyaforestell.jpg?resize=680%2C1024&amp;ssl=1 680w, https:\/\/i0.wp.com\/anyaforestell.com\/wp-content\/uploads\/2020\/06\/anyaforestell.jpg?resize=199%2C300&amp;ssl=1 199w, https:\/\/i0.wp.com\/anyaforestell.com\/wp-content\/uploads\/2020\/06\/anyaforestell.jpg?resize=768%2C1156&amp;ssl=1 768w, https:\/\/i0.wp.com\/anyaforestell.com\/wp-content\/uploads\/2020\/06\/anyaforestell.jpg?resize=1021%2C1536&amp;ssl=1 1021w, https:\/\/i0.wp.com\/anyaforestell.com\/wp-content\/uploads\/2020\/06\/anyaforestell.jpg?w=1182&amp;ssl=1 1182w\" sizes=\"auto, (max-width: 680px) 100vw, 680px\" \/><\/figure><div class=\"wp-block-media-text__content\">\n<p class=\"has-text-align-left\">Bonjour, je m'appelle Anya Forestell, bienvenue sur mon site Web! J'ai grandi \u00e0 Fredericton, au Nouveau-Brunswick (Canada) avec un fr\u00e8re, trois s\u0153urs et deux chiens. \u00c0 dix-huit ans, j'ai d\u00e9m\u00e9nag\u00e9 \u00e0 Waterloo, en Ontario, pour poursuivre mes r\u00eaves d'explorer l'univers - en terminant r\u00e9cemment un dipl\u00f4me en <strong>Physique et astronomie \u00e0 l'Universit\u00e9 de Waterloo<\/strong>. Depuis mon plus jeune \u00e2ge, j\u2019eu une passion pour l\u2019apprentissage, qui est maintenant devenu une passion pour l\u2019enseignement. Ma curiosit\u00e9 m'a amen\u00e9 \u00e0 tout explorer: la performance th\u00e9\u00e2trale, la recherche en biologie synth\u00e9tique, la danse, la r\u00e9alisation de vid\u00e9os \u00e9ducatives, les discours sur le f\u00e9minisme intersectionnel, la cuisine et au-del\u00e0.<\/p>\n\n\n\n<p>En tant qu'\u00e9ducatrice, j\u2019ai eu diverses exp\u00e9riences. J'ai commenc\u00e9 \u00e0 enseigner \u00e0 d'autres \u00e9tudiants en math\u00e9matiques et en physique il y a six ans. J'ai ensuite travaill\u00e9 avec <strong>Sylvan Learning<\/strong> pendant un \u00e9t\u00e9, enseignant aux \u00e9tudiants le fran\u00e7ais, les math\u00e9matiques, la chimie et la physique. En janvier 2017, j'ai commenc\u00e9 \u00e0 travailler avec <strong>Minute School<\/strong>, en d\u00e9veloppant des cours en ligne complets de physique aux niveaux post-secondaire de premi\u00e8re et deuxi\u00e8me ann\u00e9e. Cela incluait faire des vid\u00e9os engageantes et des quiz amusants, et j'ai vraiment appr\u00e9ci\u00e9 cette exp\u00e9rience!<\/p>\n\n\n\n<p>En septembre 2017, j'ai commenc\u00e9 un travail \u00e0 plein temps <strong>en tant qu'assistante en apprentissage au WatPD (Waterloo Professional Development)<\/strong>, guidant les \u00e9tudiants de premi\u00e8re et de deuxi\u00e8me ann\u00e9e de niveau postsecondaire dans leur recherche d'emploi (r\u00e9daction de curriculum vitae \/ lettre de motivation et comp\u00e9tences en entrevue). Depuis, je suis r\u00e9guli\u00e8rement une assistante en apprentissage \u00e0 temps partiel. Mon succ\u00e8s dans mes propres recherches d'emploi, en obtenant des postes prestigieux avec des instituts de recherche telles que <strong>le Centre d'acc\u00e9l\u00e9ration des particules du Canada TRIUMF<\/strong> et <strong>l'Institut de physique th\u00e9orique Perimeter<\/strong>, m'a fourni des informations utiles pour les autres qui commencent leur recherche d'emploi.<\/p>\n\n\n\n<p>Pour une liste compl\u00e8te de mes exp\u00e9riences, veuillez consulter mon CV, inclus ci-dessous.<\/p>\n\n\n\n<div class=\"wp-block-file\"><a href=\"https:\/\/anyaforestell.com\/wp-content\/uploads\/2020\/06\/anya_forestell_CV_june2020.pdf\">anya_forestell_CV_june2020<\/a><a href=\"https:\/\/anyaforestell.com\/wp-content\/uploads\/2020\/06\/anya_forestell_CV_june2020.pdf\" class=\"wp-block-file__button\" download>Anglais<\/a><\/div>\n\n\n\n<div class=\"wp-block-file\"><a href=\"https:\/\/anyaforestell.com\/wp-content\/uploads\/2020\/06\/anya_forestell_CV_juin2020.pdf\">anya_forestell_CV_juin2020<\/a><a href=\"https:\/\/anyaforestell.com\/wp-content\/uploads\/2020\/06\/anya_forestell_CV_juin2020.pdf\" class=\"wp-block-file__button\" download>Fran\u00e7ais<\/a><\/div>\n<\/div><\/div>","protected":false},"excerpt":{"rendered":"","protected":false},"author":1,"featured_media":0,"parent":0,"menu_order":0,"comment_status":"closed","ping_status":"closed","template":"","meta":{"nf_dc_page":"","om_disable_all_campaigns":false,"footnotes":""},"class_list":["post-9","page","type-page","status-publish","hentry"],"jetpack_sharing_enabled":true,"_links":{"self":[{"href":"https:\/\/anyaforestell.com\/fr\/wp-json\/wp\/v2\/pages\/9","targetHints":{"allow":["GET"]}}],"collection":[{"href":"https:\/\/anyaforestell.com\/fr\/wp-json\/wp\/v2\/pages"}],"about":[{"href":"https:\/\/anyaforestell.com\/fr\/wp-json\/wp\/v2\/types\/page"}],"author":[{"embeddable":true,"href":"https:\/\/anyaforestell.com\/fr\/wp-json\/wp\/v2\/users\/1"}],"replies":[{"embeddable":true,"href":"https:\/\/anyaforestell.com\/fr\/wp-json\/wp\/v2\/comments?post=9"}],"version-history":[{"count":5,"href":"https:\/\/anyaforestell.com\/fr\/wp-json\/wp\/v2\/pages\/9\/revisions"}],"predecessor-version":[{"id":122,"href":"https:\/\/anyaforestell.com\/fr\/wp-json\/wp\/v2\/pages\/9\/revisions\/122"}],"wp:attachment":[{"href":"https:\/\/anyaforestell.com\/fr\/wp-json\/wp\/v2\/media?parent=9"}],"curies":[{"name":"wp","href":"https:\/\/api.w.org\/{rel}","templated":true}]}}