{"id":23,"date":"2020-06-08T18:09:27","date_gmt":"2020-06-08T18:09:27","guid":{"rendered":"http:\/\/box5576.temp.domains\/~anyafore\/?page_id=23"},"modified":"2020-06-16T21:48:40","modified_gmt":"2020-06-16T21:48:40","slug":"home","status":"publish","type":"page","link":"https:\/\/anyaforestell.com\/fr\/","title":{"rendered":"Acceuil"},"content":{"rendered":"<p class=\"has-text-align-center has-normal-font-size\">Bienvenue! Je m'appelle Anya Forestell. Sur ce site, j'offre des services de tutorat en plusieurs sujets, ainsi que du coaching pour d\u00e9veloppement professionnel. Veuillez voir mes pages <a href=\"http:\/\/anyaforestell.com\/fr\/tutoring\/\">Tutorat<\/a> et <a href=\"http:\/\/anyaforestell.com\/fr\/coaching\/\">Coaching<\/a> pour plus de d\u00e9tails!<\/p>\n\n\n\n<figure class=\"wp-block-image size-large\"><img data-recalc-dims=\"1\" loading=\"lazy\" decoding=\"async\" width=\"1024\" height=\"681\" src=\"https:\/\/i0.wp.com\/anyaforestell.com\/wp-content\/uploads\/2020\/06\/18362232_10158503030040447_794977978_o.jpg?resize=1024%2C681&#038;ssl=1\" alt=\"\" class=\"wp-image-97\" srcset=\"https:\/\/i0.wp.com\/anyaforestell.com\/wp-content\/uploads\/2020\/06\/18362232_10158503030040447_794977978_o.jpg?resize=1024%2C681&amp;ssl=1 1024w, https:\/\/i0.wp.com\/anyaforestell.com\/wp-content\/uploads\/2020\/06\/18362232_10158503030040447_794977978_o.jpg?resize=300%2C199&amp;ssl=1 300w, https:\/\/i0.wp.com\/anyaforestell.com\/wp-content\/uploads\/2020\/06\/18362232_10158503030040447_794977978_o.jpg?resize=768%2C510&amp;ssl=1 768w, https:\/\/i0.wp.com\/anyaforestell.com\/wp-content\/uploads\/2020\/06\/18362232_10158503030040447_794977978_o.jpg?resize=1536%2C1021&amp;ssl=1 1536w, https:\/\/i0.wp.com\/anyaforestell.com\/wp-content\/uploads\/2020\/06\/18362232_10158503030040447_794977978_o.jpg?w=2048&amp;ssl=1 2048w\" sizes=\"auto, (max-width: 1024px) 100vw, 1024px\" \/><\/figure>\n\n\n\n<hr class=\"wp-block-separator is-style-wide\"\/>\n\n\n\n<div class=\"wp-block-columns has-background has-text-color has-very-dark-gray-background-color has-very-light-gray-color is-layout-flex wp-container-core-columns-is-layout-9d6595d7 wp-block-columns-is-layout-flex\">\n<div class=\"wp-block-column is-layout-flow wp-block-column-is-layout-flow\">\n<h4 class=\"has-text-color has-text-align-left wp-block-heading\" style=\"color:#ddcecf\">Tutorat<\/h4>\n\n\n\n<ul class=\"wp-block-list\"><li>Maths, Sciences, Fran\u00e7ais, Anglais<\/li><li>Personnalis\u00e9 \u00e0 chaque \u00e9tudiant<\/li><li>Sessions engageantes<\/li><li>Comprend du mat\u00e9riel \u00e0 emporter<\/li><li>Offert par vid\u00e9oconf\u00e9rence en ligne!<\/li><\/ul>\n<\/div>\n\n\n\n<div class=\"wp-block-column is-layout-flow wp-block-column-is-layout-flow\">\n<h4 class=\"has-text-color has-text-align-left wp-block-heading\" style=\"color:#ddcecf\">Coaching<\/h4>\n\n\n\n<ul class=\"wp-block-list\"><li>R\u00e9daction de r\u00e9sum\u00e9s et de lettres de motivation, comp\u00e9tences en entrevues<\/li><li>Adapt\u00e9 \u00e0 vos besoins<\/li><li>Sans stress!<\/li><li>Comprend une r\u00e9capitulation des conseils \u00e0 emporter<\/li><li>Offert par vid\u00e9oconf\u00e9rence en ligne!<\/li><\/ul>\n<\/div>\n<\/div>\n\n\n\n<p><\/p>","protected":false},"excerpt":{"rendered":"<p>Welcome! My name is Anya Forestell. On this website, I offer tutoring in various subjects, as well as professional development coaching. See my Tutoring and<a href=\"https:\/\/anyaforestell.com\/fr\/\" class=\"more-link\"><span class=\"screen-reader-text\"> &#8220;Home&#8221;<\/span><\/a><\/p>","protected":false},"author":1,"featured_media":0,"parent":0,"menu_order":0,"comment_status":"closed","ping_status":"closed","template":"","meta":{"nf_dc_page":"","om_disable_all_campaigns":false,"footnotes":""},"class_list":["post-23","page","type-page","status-publish","hentry"],"jetpack_sharing_enabled":true,"_links":{"self":[{"href":"https:\/\/anyaforestell.com\/fr\/wp-json\/wp\/v2\/pages\/23","targetHints":{"allow":["GET"]}}],"collection":[{"href":"https:\/\/anyaforestell.com\/fr\/wp-json\/wp\/v2\/pages"}],"about":[{"href":"https:\/\/anyaforestell.com\/fr\/wp-json\/wp\/v2\/types\/page"}],"author":[{"embeddable":true,"href":"https:\/\/anyaforestell.com\/fr\/wp-json\/wp\/v2\/users\/1"}],"replies":[{"embeddable":true,"href":"https:\/\/anyaforestell.com\/fr\/wp-json\/wp\/v2\/comments?post=23"}],"version-history":[{"count":5,"href":"https:\/\/anyaforestell.com\/fr\/wp-json\/wp\/v2\/pages\/23\/revisions"}],"predecessor-version":[{"id":105,"href":"https:\/\/anyaforestell.com\/fr\/wp-json\/wp\/v2\/pages\/23\/revisions\/105"}],"wp:attachment":[{"href":"https:\/\/anyaforestell.com\/fr\/wp-json\/wp\/v2\/media?parent=23"}],"curies":[{"name":"wp","href":"https:\/\/api.w.org\/{rel}","templated":true}]}}